{"id":319,"date":"2017-05-19T11:44:25","date_gmt":"2017-05-19T09:44:25","guid":{"rendered":"http:\/\/www.mec-arnsdorf.de\/?page_id=319"},"modified":"2017-05-22T11:42:54","modified_gmt":"2017-05-22T09:42:54","slug":"vorbemerkung","status":"publish","type":"page","link":"https:\/\/www.mec-arnsdorf.de\/index.php\/selectrix\/sx-anwenderwissen\/vorbemerkung\/","title":{"rendered":"Vorbemerkung"},"content":{"rendered":"<p>Vorbemerkungen mit Stand M\u00e4rz 2008 zu unserem Club<\/p>\n<p>Bedingt durch den Abriss unseres Domizils werden wir die neue Anlage in Segmentbauweise, ausger\u00fcstet mit dem Digitalsystem Selectrix, neu aufbauen. Einige Clubmitglieder sind seit vielen Jahren aktiv im Digitalbereich unterschiedlicher Fabrikate t\u00e4tig. Digitale Erfahrungen mit dem System Selectrix konnten seit 1993 in den Spurweiten H0 und ab dem Jahr 2000 auch in TT an insgesamt 6 Anlagen bei Aufbau und Betrieb gesammelt werden. Die gr\u00f6\u00dfte mit Selectrix gesteuerte Anlage in Sachsen ist u.a. mit Unterst\u00fctzung eines Clubmitgliedes entstanden. Insgesamt kamen dabei Decoder, Belegtmelder und Zentraleinheiten unterschiedlichster Hersteller und Epochen zum Einsatz. Auch Eigenbauprodukte zur Gleisbesetztmeldung oder zur Weichensteuerung wurden eingesetzt. Wie \u00fcberall \u00fcblich, sind dabei viele Fehler gemacht wurden. Um Neueinsteigern in das System Selectrix und den weniger versierten Selectrixbahnern diese Fehler zu ersparen, Tipps zu geben damit aus Freude nicht Frust wird, daf\u00fcr sind nachfolgend unsere eigenen Erfahrungen und auch einige Erfahrungen von anderen Selectrixbahnern hier gesammelt und thematisch geordnet aufgelistet. Bitte habt im Forum Verst\u00e4ndnis, falls es mit einer Antwort etwas dauert. Wir betreiben die Modellbahn als Hobby und schauen nicht unbedingt jeden Tag auf die Homepage, aber wir antworten! Nat\u00fcrlich kann unsere Meinung abweichend von der anderer Anwender oder der Bauteilehersteller sein. Wir haben unsere eigenen Anwendererfahrungen gemacht. Gleichzeitig erheben die nachfolgenden Auff\u00fchrungen keinen Anspruch auf Vollst\u00e4ndigkeit! Schlie\u00dflich ist es uns unm\u00f6glich alle Komponenten von allen Herstellern zu testen! Wichtig f\u00fcr den Aufbau einer sp\u00e4ter funktionierenden Anlage ist immer das genaue Lesen der Gebrauchsanleitungen der eingesetzten Bauteile. Stillschweigend setzten wir dies in jedem Fall voraus! Verweisen m\u00f6chten wir auch auf die bestehenden Foren und FAQs der Hersteller.<\/p>\n","protected":false},"excerpt":{"rendered":"<p>Vorbemerkungen mit Stand M\u00e4rz 2008 zu unserem Club Bedingt durch den Abriss unseres Domizils werden wir die neue Anlage in Segmentbauweise, ausger\u00fcstet mit dem Digitalsystem Selectrix, neu aufbauen. Einige Clubmitglieder sind seit vielen Jahren aktiv im Digitalbereich unterschiedlicher Fabrikate t\u00e4tig. &hellip; <a href=\"https:\/\/www.mec-arnsdorf.de\/index.php\/selectrix\/sx-anwenderwissen\/vorbemerkung\/\">Weiter<\/a><\/p>\n","protected":false},"author":1,"featured_media":0,"parent":317,"menu_order":0,"comment_status":"open","ping_status":"closed","template":"page-fullwidth.php","meta":{"footnotes":""},"class_list":["post-319","page","type-page","status-publish","hentry"],"_links":{"self":[{"href":"https:\/\/www.mec-arnsdorf.de\/index.php\/wp-json\/wp\/v2\/pages\/319","targetHints":{"allow":["GET"]}}],"collection":[{"href":"https:\/\/www.mec-arnsdorf.de\/index.php\/wp-json\/wp\/v2\/pages"}],"about":[{"href":"https:\/\/www.mec-arnsdorf.de\/index.php\/wp-json\/wp\/v2\/types\/page"}],"author":[{"embeddable":true,"href":"https:\/\/www.mec-arnsdorf.de\/index.php\/wp-json\/wp\/v2\/users\/1"}],"replies":[{"embeddable":true,"href":"https:\/\/www.mec-arnsdorf.de\/index.php\/wp-json\/wp\/v2\/comments?post=319"}],"version-history":[{"count":1,"href":"https:\/\/www.mec-arnsdorf.de\/index.php\/wp-json\/wp\/v2\/pages\/319\/revisions"}],"predecessor-version":[{"id":320,"href":"https:\/\/www.mec-arnsdorf.de\/index.php\/wp-json\/wp\/v2\/pages\/319\/revisions\/320"}],"up":[{"embeddable":true,"href":"https:\/\/www.mec-arnsdorf.de\/index.php\/wp-json\/wp\/v2\/pages\/317"}],"wp:attachment":[{"href":"https:\/\/www.mec-arnsdorf.de\/index.php\/wp-json\/wp\/v2\/media?parent=319"}],"curies":[{"name":"wp","href":"https:\/\/api.w.org\/{rel}","templated":true}]}}