{"id":321,"date":"2017-05-19T11:49:38","date_gmt":"2017-05-19T09:49:38","guid":{"rendered":"http:\/\/www.mec-arnsdorf.de\/?page_id=321"},"modified":"2023-04-13T15:01:02","modified_gmt":"2023-04-13T13:01:02","slug":"allgemeines","status":"publish","type":"page","link":"https:\/\/www.mec-arnsdorf.de\/index.php\/selectrix\/sx-anwenderwissen\/allgemeines\/","title":{"rendered":"Allgemeines"},"content":{"rendered":"<h2><span class=\"mw-headline\">Einf\u00fchrung<\/span><\/h2>\n<p>Im Nachfolgenden werden wir immer nur den Begriff &#8222;SELECTRIX\u00ae&#8220; verwenden. Unter diesem Namen wurde das Digitalsystem damals von Trix eingef\u00fchrt. MTTM bietet als Kleinserienhersteller seit 1986 Komponenten f\u00fcr Selectrix an. Seit 1993 werden Komponenten auf Selectrixbasis von Rautenhaus unter dem Begriff \u201erautenhaus digital\u00ae\u201c angeboten. Die Fa. M\u00fct entwickelte seit 1997 ebenfalls dieses System weiter und vertreibt es ab 2001 unter dem Namen &#8222;Digirail\u00ae&#8220;. Erst durch Rautenhaus und M\u00fct wurde eine kontinuierliche Werbung f\u00fcr dieses System durchgef\u00fchrt. Damit muss diesen beiden Anbietern ein wesentlicher Anteil an der Existenz &#8211; und zusammen mit MTTM &#8211; an der Weiterentwicklung des Selectrix-Systems zugesprochen werden.<\/p>\n<h2><span class=\"mw-headline\">Bestehende Normen f\u00fcr Selectrix<\/span><\/h2>\n<table border=\"1\" cellspacing=\"0\" cellpadding=\"5\">\n<tbody>\n<tr>\n<td>NEM 651<\/td>\n<td>6-polige S-Schnittstelle f\u00fcr Loks<\/td>\n<\/tr>\n<tr>\n<td>NEM 652<\/td>\n<td>8-polige M-Schnittstelle f\u00fcr Loks<\/td>\n<\/tr>\n<tr>\n<td>NEM 680<\/td>\n<td>digitales Steuersignal SX-Bitdarstellung<\/td>\n<\/tr>\n<tr>\n<td>NEM 681<\/td>\n<td>digitales Steuersignal SX-Datenpakete<\/td>\n<\/tr>\n<\/tbody>\n<\/table>\n<p>&nbsp;<\/p>\n<h2><span class=\"mw-headline\">Ver\u00f6ffentlichungen in Fachzeitschriften<\/span><\/h2>\n<table border=\"1\" cellspacing=\"0\" cellpadding=\"5\">\n<tbody>\n<tr>\n<td>MIBA Extra Modellbahn digital<\/td>\n<td>Ausgabe 3 \/ 2002<\/td>\n<\/tr>\n<tr>\n<td>MIBA Extra Modellbahn digital<\/td>\n<td>Ausgabe 8 \/ 2007<\/td>\n<\/tr>\n<tr>\n<td>MIBA<\/td>\n<td>Ausgabe 10 \/ 2007<\/td>\n<\/tr>\n<tr>\n<td>Modellbahnkurier 24<\/td>\n<td>Ausgabe 3.Quartal 2007<\/td>\n<\/tr>\n<\/tbody>\n<\/table>\n<p>&nbsp;<\/p>\n<p>F\u00fcr die meisten Modellbahner steht am Anfang die analog gesteuerte Bahn. Irgendwann entsteht der Wille auch digital zu fahren. Auf dem Markt sind verschiedene Systeme, die in Fachzeitschriften ausf\u00fchrlich beschrieben wurden und werden. Erstaunlich ist dabei, dass viele Produkte f\u00fcr Selectrix immer mit Fehlern dargestellt wurden! Siehe beispielsweise hier: http:\/\/www.digirail.eu\/pdfmgmt_data\/files\/Miba2006.pdf<\/p>\n<p>F\u00fcr viele Umsteiger ist es dann nur eine Entscheidung aufgrund des Preises und verlockender Marketingstrategien von Einsteigersets, welches System gekauft wird. Um einen Fehlkauf zu vermeiden, haben wir f\u00fcr uns einen Fragenkatalog aufgestellt, der einen realen Praxisvergleich zul\u00e4sst. Der normale Digitalfahrer zu Hause wird in den meisten F\u00e4llen eine Anlage mit etwa 4 gleichzeitig fahrenden Z\u00fcgen, etwa 6 stehenden Loks (Z\u00fcgen) und etwa 25 Schaltartikel (Weichen, Entkuppler, Signale u. dgl.) oder weniger besitzen. Bei dieser Gr\u00f6\u00dfenordnung ist es uninteressant wie lang das interne Datensignal der Digitalsteuerung ist. Alle auf dem Markt befindlichen Digitalsysteme verkraften es. Es gibt aber Anlagen, wo schnell die Grenzen der internen Datenverwaltung erreicht sind! Was n\u00fctzt es da, wenn ich angeblich 255 oder 9999 Loks in 128 Fahrstufen steuern kann, das System aber schon bei der f\u00fcnfzehnten gleichzeitig fahrenden Lok nicht mehr in normaler Zeitabfolge reagiert? Was n\u00fctzt es, wenn ich viele Schaltartikel ansteuern kann, jedoch eine Fahrstra\u00dfe mit mehreren umzustellenden Weichen und Signalen dazu verh\u00e4ltnism\u00e4\u00dfig sehr viel Zeit ben\u00f6tigt? Was n\u00fctzt es, wenn es f\u00fcr ein Digitalsystem verschiedene Anbieter gibt, die Bauteile aber nicht kompatibel untereinander sind? Was n\u00fctzt es, wenn das Digitalsystem modernisiert wird, aber die bisherigen Bauteile nicht in das neue System passen? Was n\u00fctzt es, wenn man sehr viele Einstellungen am Decoder programmieren kann, aber an der Durchf\u00fchrung der komplizierten Programmierung scheitert.<\/p>\n<p>F\u00fcr digitale Gemeinschaftsanlagen wie f\u00fcr Modellbahnclubs oder gro\u00dfe Profianlagen im Einmannbetrieb, die betriebssicher per Computer gesteuert werden, kann man deshalb nur das System Selectrix empfehlen. Dergleichen gilt nat\u00fcrlich auch f\u00fcr kleine Heimanlagen, wohl wissend, dass dabei der Preis immer das entscheidende Kriterium darstellt. Das System ist betriebssicher, egal von welchem Hersteller und in welcher Epoche die Komponenten gekauft wurden und es ist sauschnell! Verzeihung, aber ein besseres Wort f\u00e4llt mir dazu nicht ein, denn es kann rund 1460 Befehle je Sekunde (111 Adressen x 13,1 Durchl\u00e4ufe) bei einem Datenbus verarbeiten. Bei neueren Zentralen mit 2 Datenbussen wird der Wert in etwa verdoppelt.<\/p>\n<ul>\n<li>Rautenhaus SLX850 (SX0 + SX1): 2x 112 Adressen x 8 Bit pro Adresse x 13 Durchl\u00e4ufe pro Sekunde = ca. 23296 Befehle je Sekunde!<\/li>\n<li>Rautenhaus RMX950 (RMX0 + RMX1): 103 + 112 Adressen * 8 Bit pro Adresse x 13 Durchl\u00e4ufe pro Sekunde = ca. 22360 Befehle pro Sekunde!<\/li>\n<li>M\u00fct MC2004 (SX0 + SX1): 2x 104 Adressen x 8 Bit pro Adresse x 13 Durchl\u00e4ufe pro Sekunde = ca. 21632 Befehle je Sekunde!<\/li>\n<li>M\u00fct SX Control 02 (SX0 + SX1): 2x 104 Adressen x 8 Bit pro Adresse x 13 Durchl\u00e4ufe pro Sekunde = ca. 21632 Befehle je Sekunde!<\/li>\n<\/ul>\n<p>Selectrix ist das Digitalsystem f\u00fcr technisch anspruchsvolle Modellbahner!<\/p>\n<h2><span class=\"mw-headline\">Links rund um Selectrix<\/span><\/h2>\n<h3><span class=\"mw-headline\">Entwickler<\/span><\/h3>\n<ul>\n<li><a class=\"external text\" title=\"http:\/\/www.doehler-haass.de\" href=\"http:\/\/www.doehler-haass.de\/\" rel=\"nofollow\">Doehler&amp;Haass<\/a><\/li>\n<\/ul>\n<h3><span class=\"mw-headline\">Komponentenhersteller<\/span><\/h3>\n<ul>\n<li><a class=\"external text\" title=\"http:\/\/www.firma-staerz.de\" href=\"http:\/\/www.firma-staerz.de\/\" rel=\"nofollow\">Modellbahn-Digital-Peter-St\u00e4rz<\/a><\/li>\n<li><a class=\"external text\" title=\"http:\/\/www.he-digital.de\" href=\"http:\/\/www.he-digital.de\/\" rel=\"nofollow\">HE-Digital<\/a><\/li>\n<li><a class=\"external text\" title=\"http:\/\/www.mdvr.de\" href=\"http:\/\/www.mdvr.de\/\" rel=\"nofollow\">Modellbahn-Digital-Versand-Radtke<\/a><\/li>\n<li><a class=\"external text\" title=\"http:\/\/www.mttm.de\" href=\"http:\/\/www.mttm.de\/\" rel=\"nofollow\">Modellbahn-Technik-Team-M\u00fcnchen<\/a><\/li>\n<li><a class=\"external text\" title=\"http:\/\/www.muet-digirail.de\/modellbahn\/public_htm\" href=\"http:\/\/www.digirail.eu\" rel=\"nofollow\">M\u00fct-Digirail<\/a><\/li>\n<li><a class=\"external text\" title=\"http:\/\/www.uwe-magnus.de\" href=\"http:\/\/www.uwe-magnus.de\/\" rel=\"nofollow\">Uwe Magnus<\/a><\/li>\n<\/ul>\n<h3><span class=\"mw-headline\">Selbstbau<\/span><\/h3>\n<ul>\n<li><a class=\"external text\" title=\"http:\/\/jochens-moba.vze.com\" href=\"http:\/\/jochens-moba.vze.com\/\" rel=\"nofollow\">Joachim Havekost<\/a> (Interface3, Software &#8222;TMSC&#8220;)<\/li>\n<li><a class=\"external text\" title=\"http:\/\/www.norbert-martsch.de\" href=\"http:\/\/www.norbert-martsch.de\/\" rel=\"nofollow\">Norbert Martsch<\/a> (SX-Servodecoder, SX-Relaisdecoder)<\/li>\n<li><a class=\"external text\" title=\"http:\/\/www.reinhardt-netz.de\/?SX_Start\" href=\"http:\/\/www.reinhardt-netz.de\/SX_Start.html\" rel=\"nofollow\">Stefan Reinhardt<\/a> (Aktivit\u00e4ten eingestellt, Fortf\u00fchrung durch <a class=\"external text\" title=\"http:\/\/www.vk-fotoarchiv.de\" href=\"http:\/\/www.vk-fotoarchiv.de\/\" rel=\"nofollow\">Volker Kaiser<\/a>, diverse SX-Komponenten)<\/li>\n<li><a class=\"external text\" title=\"http:\/\/www.steinhartw.de\" href=\"http:\/\/www.steinhartw.de\/\" rel=\"nofollow\">Winfried Steinhart<\/a> (SX-Minizentrale, SX-Servodecoder, SX-Schrittmotordecoder, weitere SX-Komponenten und technische Erl\u00e4uterungen)<\/li>\n<\/ul>\n<h3><span class=\"mw-headline\">Software f\u00fcr Selectrix<\/span><\/h3>\n<ul>\n<li><a class=\"external text\" title=\"http:\/\/www.freiwald.com\" href=\"http:\/\/www.freiwald.com\/\" rel=\"nofollow\">TrainController<\/a><\/li>\n<li><a class=\"external text\" title=\"http:\/\/www.mttm.de\" href=\"http:\/\/www.mttm.de\/\" rel=\"nofollow\">ST-Train<\/a><\/li>\n<li><a class=\"external text\" title=\"http:\/\/rocrail.net\" href=\"http:\/\/rocrail.net\/\" rel=\"nofollow\">RocRail<\/a><\/li>\n<\/ul>\n<h3><span class=\"mw-headline\">Anwender<\/span><\/h3>\n<ul>\n<li><a class=\"external text\" title=\"http:\/\/www.miniaturelbtalbahn.de\" href=\"http:\/\/www.miniaturelbtalbahn.de\/\" rel=\"nofollow\">Miniaturelbtalbahn GmbH<\/a> (Anlaufpunkt f\u00fcr Digirail f\u00fcr Gro\u00dfraum Dresden)<\/li>\n<li><a class=\"external text\" title=\"http:\/\/www.mtkb.de\" href=\"http:\/\/www.mtkb.de\/\" rel=\"nofollow\">Modulbau-Team-K\u00f6ln-Bonn<\/a> (Selectrix in N)<\/li>\n<li><a class=\"external text\" title=\"http:\/\/www.mo187.de\" href=\"http:\/\/www.mo187.de\/\" rel=\"nofollow\">Modellbundenbahn Bad Driburg<\/a> (Selectrix in H0)<\/li>\n<\/ul>\n<h3><span class=\"mw-headline\">Erg\u00e4nzungen zu Selectrix<\/span><\/h3>\n<ul>\n<li><a class=\"external text\" title=\"http:\/\/www.krois-modell.at\" href=\"http:\/\/www.krois-modell.at\/\" rel=\"nofollow\">Krois Modell<\/a><\/li>\n<\/ul>\n<h2>Warenzeichen<\/h2>\n<table border=\"1\" cellspacing=\"0\" cellpadding=\"5\">\n<tbody>\n<tr>\n<td>SELECTRIX\u00ae<\/td>\n<td>ist eingetragenes Warenzeichen der Firma Trix \u2013 N\u00fcrnberg<\/td>\n<\/tr>\n<tr>\n<td>rautenhaus digital\u00ae<\/td>\n<td>ist eingetragenes Warenzeichen der Firma Rautenhaus &#8211; Syke<\/td>\n<\/tr>\n<tr>\n<td>Digirail\u00ae<\/td>\n<td>ist eingetragenes Warenzeichen der Firma M\u00dcT GmbH \u2013 G\u00fcnding<\/td>\n<\/tr>\n<\/tbody>\n<\/table>\n","protected":false},"excerpt":{"rendered":"<p>Einf\u00fchrung Im Nachfolgenden werden wir immer nur den Begriff &#8222;SELECTRIX\u00ae&#8220; verwenden. Unter diesem Namen wurde das Digitalsystem damals von Trix eingef\u00fchrt. MTTM bietet als Kleinserienhersteller seit 1986 Komponenten f\u00fcr Selectrix an. Seit 1993 werden Komponenten auf Selectrixbasis von Rautenhaus unter &hellip; <a href=\"https:\/\/www.mec-arnsdorf.de\/index.php\/selectrix\/sx-anwenderwissen\/allgemeines\/\">Weiter<\/a><\/p>\n","protected":false},"author":1,"featured_media":0,"parent":317,"menu_order":1,"comment_status":"open","ping_status":"closed","template":"page-fullwidth.php","meta":{"footnotes":""},"class_list":["post-321","page","type-page","status-publish","hentry"],"_links":{"self":[{"href":"https:\/\/www.mec-arnsdorf.de\/index.php\/wp-json\/wp\/v2\/pages\/321","targetHints":{"allow":["GET"]}}],"collection":[{"href":"https:\/\/www.mec-arnsdorf.de\/index.php\/wp-json\/wp\/v2\/pages"}],"about":[{"href":"https:\/\/www.mec-arnsdorf.de\/index.php\/wp-json\/wp\/v2\/types\/page"}],"author":[{"embeddable":true,"href":"https:\/\/www.mec-arnsdorf.de\/index.php\/wp-json\/wp\/v2\/users\/1"}],"replies":[{"embeddable":true,"href":"https:\/\/www.mec-arnsdorf.de\/index.php\/wp-json\/wp\/v2\/comments?post=321"}],"version-history":[{"count":9,"href":"https:\/\/www.mec-arnsdorf.de\/index.php\/wp-json\/wp\/v2\/pages\/321\/revisions"}],"predecessor-version":[{"id":8660,"href":"https:\/\/www.mec-arnsdorf.de\/index.php\/wp-json\/wp\/v2\/pages\/321\/revisions\/8660"}],"up":[{"embeddable":true,"href":"https:\/\/www.mec-arnsdorf.de\/index.php\/wp-json\/wp\/v2\/pages\/317"}],"wp:attachment":[{"href":"https:\/\/www.mec-arnsdorf.de\/index.php\/wp-json\/wp\/v2\/media?parent=321"}],"curies":[{"name":"wp","href":"https:\/\/api.w.org\/{rel}","templated":true}]}}