{"id":327,"date":"2017-05-19T11:56:51","date_gmt":"2017-05-19T09:56:51","guid":{"rendered":"http:\/\/www.mec-arnsdorf.de\/?page_id=327"},"modified":"2017-05-22T11:42:54","modified_gmt":"2017-05-22T09:42:54","slug":"vorteile","status":"publish","type":"page","link":"https:\/\/www.mec-arnsdorf.de\/index.php\/selectrix\/sx-anwenderwissen\/vorteile\/","title":{"rendered":"Vorteile"},"content":{"rendered":"<p>Vorteile von Selectrix:<\/p>\n<ul>\n<li>kleine leistungsf\u00e4hige Decoder und alle mit Last- und feinster Motorregelung &#8211; SSD\u00ae (Super-Soft-Drive)<\/li>\n<li>gro\u00dfes Decoderangebot f\u00fcr jeden Loktyp und Spurweite passend (von Z bis LGB)<\/li>\n<li>Alle Decoder haben ein Ged\u00e4chtnis, d.h., wenn mal ein Decoder ein Datensignal f\u00fcr seine Adresse nicht erh\u00e4lt, so wird die zuletzt erhaltene Information im Decoder gespeichert und der Zug f\u00e4hrt somit weiter bis das Datensignal wieder anliegt und \u00e4ndert dann nachtr\u00e4glich die eventuell zwischenzeitlich durchgef\u00fchrten \u00c4nderungen.<\/li>\n<li>genormtes Datenprotokoll<\/li>\n<li>Datenbuswiederholung ca.13 mal je Sekunde, egal ob eine oder 99 Loks gefahren werden<\/li>\n<li>Fahren und Schalten auf einen Datenbus m\u00f6glich und \u00fcblich<\/li>\n<li>alle Bauteile von verschiedenen Herstellern passen zusammen und harmonieren miteinander<\/li>\n<li>einfache Verkabelung<\/li>\n<li>einfache und schnelle Programmierung<\/li>\n<li>einfache Steuerung<\/li>\n<li>neuere Digitalzentralen verf\u00fcgen \u00fcber zwei Datenbusse, damit sind ausreichend Adressen f\u00fcr Gro\u00dfanlagen vorhanden<\/li>\n<\/ul>\n<p>Digital mit Selectrix fahren ist ein Quantensprung gegen\u00fcber analog. Viele weitere Vorteile sind hier nicht aufgez\u00e4hlt, einfach bei den Herstellern und den anderen Anwendern nachlesen, noch besser, selbst probieren!<\/p>\n","protected":false},"excerpt":{"rendered":"<p>Vorteile von Selectrix: kleine leistungsf\u00e4hige Decoder und alle mit Last- und feinster Motorregelung &#8211; SSD\u00ae (Super-Soft-Drive) gro\u00dfes Decoderangebot f\u00fcr jeden Loktyp und Spurweite passend (von Z bis LGB) Alle Decoder haben ein Ged\u00e4chtnis, d.h., wenn mal ein Decoder ein Datensignal &hellip; <a href=\"https:\/\/www.mec-arnsdorf.de\/index.php\/selectrix\/sx-anwenderwissen\/vorteile\/\">Weiter<\/a><\/p>\n","protected":false},"author":1,"featured_media":0,"parent":317,"menu_order":3,"comment_status":"open","ping_status":"closed","template":"page-fullwidth.php","meta":{"footnotes":""},"class_list":["post-327","page","type-page","status-publish","hentry"],"_links":{"self":[{"href":"https:\/\/www.mec-arnsdorf.de\/index.php\/wp-json\/wp\/v2\/pages\/327","targetHints":{"allow":["GET"]}}],"collection":[{"href":"https:\/\/www.mec-arnsdorf.de\/index.php\/wp-json\/wp\/v2\/pages"}],"about":[{"href":"https:\/\/www.mec-arnsdorf.de\/index.php\/wp-json\/wp\/v2\/types\/page"}],"author":[{"embeddable":true,"href":"https:\/\/www.mec-arnsdorf.de\/index.php\/wp-json\/wp\/v2\/users\/1"}],"replies":[{"embeddable":true,"href":"https:\/\/www.mec-arnsdorf.de\/index.php\/wp-json\/wp\/v2\/comments?post=327"}],"version-history":[{"count":1,"href":"https:\/\/www.mec-arnsdorf.de\/index.php\/wp-json\/wp\/v2\/pages\/327\/revisions"}],"predecessor-version":[{"id":328,"href":"https:\/\/www.mec-arnsdorf.de\/index.php\/wp-json\/wp\/v2\/pages\/327\/revisions\/328"}],"up":[{"embeddable":true,"href":"https:\/\/www.mec-arnsdorf.de\/index.php\/wp-json\/wp\/v2\/pages\/317"}],"wp:attachment":[{"href":"https:\/\/www.mec-arnsdorf.de\/index.php\/wp-json\/wp\/v2\/media?parent=327"}],"curies":[{"name":"wp","href":"https:\/\/api.w.org\/{rel}","templated":true}]}}