{"id":38,"date":"2015-11-23T11:10:43","date_gmt":"2015-11-23T10:10:43","guid":{"rendered":"http:\/\/www.mec-arnsdorf.de\/?page_id=38"},"modified":"2016-01-19T07:52:35","modified_gmt":"2016-01-19T06:52:35","slug":"anlagen","status":"publish","type":"page","link":"https:\/\/www.mec-arnsdorf.de\/index.php\/anlagen\/","title":{"rendered":"Anlagen"},"content":{"rendered":"<p><div id=\"metaslider-id-188\" style=\"max-width: 300px;\" class=\"ml-slider-3-105-0 metaslider metaslider-nivo metaslider-188 ml-slider ms-right ms-theme-default\" role=\"region\" aria-label=\"Analoge Anlage\" data-height=\"200\" data-width=\"300\">\n    <div id=\"metaslider_container_188\">\n        <div class='slider-wrapper theme-default'><div class='ribbon'><\/div><div id='metaslider_188' class='nivoSlider'><img loading=\"lazy\" decoding=\"async\" width=\"500\" height=\"375\" src=\"https:\/\/www.mec-arnsdorf.de\/wp-content\/uploads\/2015\/11\/allgemein_car-system.jpg\" class=\"slider-188 slide-47 msDefaultImage\" alt=\"\" data-caption=\"\" data-thumb=\"\" title=\"\" rel=\"\" srcset=\"https:\/\/www.mec-arnsdorf.de\/wp-content\/uploads\/2015\/11\/allgemein_car-system.jpg 500w, https:\/\/www.mec-arnsdorf.de\/wp-content\/uploads\/2015\/11\/allgemein_car-system-300x225.jpg 300w\" sizes=\"auto, (max-width: 500px) 100vw, 500px\" \/><img loading=\"lazy\" decoding=\"async\" width=\"500\" height=\"290\" src=\"https:\/\/www.mec-arnsdorf.de\/wp-content\/uploads\/2015\/11\/allgemein_burg_stolpen.jpg\" class=\"slider-188 slide-46 msDefaultImage\" alt=\"\" data-caption=\"\" data-thumb=\"\" title=\"\" rel=\"\" srcset=\"https:\/\/www.mec-arnsdorf.de\/wp-content\/uploads\/2015\/11\/allgemein_burg_stolpen.jpg 500w, https:\/\/www.mec-arnsdorf.de\/wp-content\/uploads\/2015\/11\/allgemein_burg_stolpen-300x174.jpg 300w\" sizes=\"auto, (max-width: 500px) 100vw, 500px\" \/><img loading=\"lazy\" decoding=\"async\" width=\"1024\" height=\"449\" src=\"https:\/\/www.mec-arnsdorf.de\/wp-content\/uploads\/2015\/11\/stelltisch_bf_roehrsdorf-1024x449.jpg\" class=\"slider-188 slide-56 msDefaultImage\" alt=\"\" data-caption=\"\" data-thumb=\"\" title=\"\" rel=\"\" srcset=\"https:\/\/www.mec-arnsdorf.de\/wp-content\/uploads\/2015\/11\/stelltisch_bf_roehrsdorf-1024x449.jpg 1024w, https:\/\/www.mec-arnsdorf.de\/wp-content\/uploads\/2015\/11\/stelltisch_bf_roehrsdorf-1024x449-300x132.jpg 300w\" sizes=\"auto, (max-width: 1024px) 100vw, 1024px\" \/><img loading=\"lazy\" decoding=\"async\" width=\"500\" height=\"312\" src=\"https:\/\/www.mec-arnsdorf.de\/wp-content\/uploads\/2015\/11\/fahrstrombereiche_bf_arnsdorf_aus_richtung_biw.jpg\" class=\"slider-188 slide-50 msDefaultImage\" alt=\"\" data-caption=\"\" data-thumb=\"\" title=\"\" rel=\"\" srcset=\"https:\/\/www.mec-arnsdorf.de\/wp-content\/uploads\/2015\/11\/fahrstrombereiche_bf_arnsdorf_aus_richtung_biw.jpg 500w, https:\/\/www.mec-arnsdorf.de\/wp-content\/uploads\/2015\/11\/fahrstrombereiche_bf_arnsdorf_aus_richtung_biw-300x187.jpg 300w\" sizes=\"auto, (max-width: 500px) 100vw, 500px\" \/><img loading=\"lazy\" decoding=\"async\" width=\"500\" height=\"333\" src=\"https:\/\/www.mec-arnsdorf.de\/wp-content\/uploads\/2015\/11\/fahrstrombereiche_bw_stolpen.jpg\" class=\"slider-188 slide-52 msDefaultImage\" alt=\"\" data-caption=\"\" data-thumb=\"\" title=\"\" rel=\"\" srcset=\"https:\/\/www.mec-arnsdorf.de\/wp-content\/uploads\/2015\/11\/fahrstrombereiche_bw_stolpen.jpg 500w, https:\/\/www.mec-arnsdorf.de\/wp-content\/uploads\/2015\/11\/fahrstrombereiche_bw_stolpen-300x200.jpg 300w\" sizes=\"auto, (max-width: 500px) 100vw, 500px\" \/><img loading=\"lazy\" decoding=\"async\" width=\"1024\" height=\"804\" src=\"https:\/\/www.mec-arnsdorf.de\/wp-content\/uploads\/2015\/11\/stelltisch_bf_arnsdorf-1024x804.jpg\" class=\"slider-188 slide-55 msDefaultImage\" alt=\"\" data-caption=\"\" data-thumb=\"\" title=\"\" rel=\"\" srcset=\"https:\/\/www.mec-arnsdorf.de\/wp-content\/uploads\/2015\/11\/stelltisch_bf_arnsdorf-1024x804.jpg 1024w, https:\/\/www.mec-arnsdorf.de\/wp-content\/uploads\/2015\/11\/stelltisch_bf_arnsdorf-1024x804-300x236.jpg 300w\" sizes=\"auto, (max-width: 1024px) 100vw, 1024px\" \/><img loading=\"lazy\" decoding=\"async\" width=\"500\" height=\"370\" src=\"https:\/\/www.mec-arnsdorf.de\/wp-content\/uploads\/2015\/11\/allgemein_wandergruppe.jpg\" class=\"slider-188 slide-49 msDefaultImage\" alt=\"\" data-caption=\"\" data-thumb=\"\" title=\"\" rel=\"\" srcset=\"https:\/\/www.mec-arnsdorf.de\/wp-content\/uploads\/2015\/11\/allgemein_wandergruppe.jpg 500w, https:\/\/www.mec-arnsdorf.de\/wp-content\/uploads\/2015\/11\/allgemein_wandergruppe-300x222.jpg 300w\" sizes=\"auto, (max-width: 500px) 100vw, 500px\" \/><img loading=\"lazy\" decoding=\"async\" width=\"1200\" height=\"606\" src=\"https:\/\/www.mec-arnsdorf.de\/wp-content\/uploads\/2015\/11\/bhf-arnsdorf_1985_traincontroller_1200x606.jpg\" class=\"slider-188 slide-58 msDefaultImage\" alt=\"\" data-caption=\"\" data-thumb=\"\" title=\"\" rel=\"\" srcset=\"https:\/\/www.mec-arnsdorf.de\/wp-content\/uploads\/2015\/11\/bhf-arnsdorf_1985_traincontroller_1200x606.jpg 1200w, https:\/\/www.mec-arnsdorf.de\/wp-content\/uploads\/2015\/11\/bhf-arnsdorf_1985_traincontroller_1200x606-300x152.jpg 300w, https:\/\/www.mec-arnsdorf.de\/wp-content\/uploads\/2015\/11\/bhf-arnsdorf_1985_traincontroller_1200x606-1024x517.jpg 1024w\" sizes=\"auto, (max-width: 1200px) 100vw, 1200px\" \/><img loading=\"lazy\" decoding=\"async\" width=\"500\" height=\"368\" src=\"https:\/\/www.mec-arnsdorf.de\/wp-content\/uploads\/2015\/11\/fahrstrombereiche_gleise_38-46.jpg\" class=\"slider-188 slide-53 msDefaultImage\" alt=\"\" data-caption=\"\" data-thumb=\"\" title=\"\" rel=\"\" srcset=\"https:\/\/www.mec-arnsdorf.de\/wp-content\/uploads\/2015\/11\/fahrstrombereiche_gleise_38-46.jpg 500w, https:\/\/www.mec-arnsdorf.de\/wp-content\/uploads\/2015\/11\/fahrstrombereiche_gleise_38-46-300x221.jpg 300w\" sizes=\"auto, (max-width: 500px) 100vw, 500px\" \/><img loading=\"lazy\" decoding=\"async\" width=\"500\" height=\"353\" src=\"https:\/\/www.mec-arnsdorf.de\/wp-content\/uploads\/2015\/11\/allgemein_siedlung.jpg\" class=\"slider-188 slide-48 msDefaultImage\" alt=\"\" data-caption=\"\" data-thumb=\"\" title=\"\" rel=\"\" srcset=\"https:\/\/www.mec-arnsdorf.de\/wp-content\/uploads\/2015\/11\/allgemein_siedlung.jpg 500w, https:\/\/www.mec-arnsdorf.de\/wp-content\/uploads\/2015\/11\/allgemein_siedlung-300x212.jpg 300w\" sizes=\"auto, (max-width: 500px) 100vw, 500px\" \/><img loading=\"lazy\" decoding=\"async\" width=\"500\" height=\"362\" src=\"https:\/\/www.mec-arnsdorf.de\/wp-content\/uploads\/2015\/11\/allgemein_bauernhof.jpg\" class=\"slider-188 slide-44 msDefaultImage\" alt=\"\" data-caption=\"\" data-thumb=\"\" title=\"\" rel=\"\" srcset=\"https:\/\/www.mec-arnsdorf.de\/wp-content\/uploads\/2015\/11\/allgemein_bauernhof.jpg 500w, https:\/\/www.mec-arnsdorf.de\/wp-content\/uploads\/2015\/11\/allgemein_bauernhof-300x217.jpg 300w\" sizes=\"auto, (max-width: 500px) 100vw, 500px\" \/><img loading=\"lazy\" decoding=\"async\" width=\"500\" height=\"327\" src=\"https:\/\/www.mec-arnsdorf.de\/wp-content\/uploads\/2015\/11\/fahrstrombereiche_bf_roehrsdrof.jpg\" class=\"slider-188 slide-51 msDefaultImage\" alt=\"\" data-caption=\"\" data-thumb=\"\" title=\"\" rel=\"\" srcset=\"https:\/\/www.mec-arnsdorf.de\/wp-content\/uploads\/2015\/11\/fahrstrombereiche_bf_roehrsdrof.jpg 500w, https:\/\/www.mec-arnsdorf.de\/wp-content\/uploads\/2015\/11\/fahrstrombereiche_bf_roehrsdrof-300x196.jpg 300w\" sizes=\"auto, (max-width: 500px) 100vw, 500px\" \/><img loading=\"lazy\" decoding=\"async\" width=\"500\" height=\"278\" src=\"https:\/\/www.mec-arnsdorf.de\/wp-content\/uploads\/2015\/11\/titelbild-bf_arnsdorf.jpg\" class=\"slider-188 slide-31 msDefaultImage\" alt=\"\" data-caption=\"\" data-thumb=\"\" title=\"\" rel=\"\" srcset=\"https:\/\/www.mec-arnsdorf.de\/wp-content\/uploads\/2015\/11\/titelbild-bf_arnsdorf.jpg 500w, https:\/\/www.mec-arnsdorf.de\/wp-content\/uploads\/2015\/11\/titelbild-bf_arnsdorf-300x167.jpg 300w, https:\/\/www.mec-arnsdorf.de\/wp-content\/uploads\/2015\/11\/titelbild-bf_arnsdorf-100x55.jpg 100w\" sizes=\"auto, (max-width: 500px) 100vw, 500px\" \/><img loading=\"lazy\" decoding=\"async\" width=\"500\" height=\"266\" src=\"https:\/\/www.mec-arnsdorf.de\/wp-content\/uploads\/2015\/11\/fahrstrombereiche_schattenbahnhof.jpg\" class=\"slider-188 slide-54 msDefaultImage\" alt=\"\" data-caption=\"\" data-thumb=\"\" title=\"\" rel=\"\" srcset=\"https:\/\/www.mec-arnsdorf.de\/wp-content\/uploads\/2015\/11\/fahrstrombereiche_schattenbahnhof.jpg 500w, https:\/\/www.mec-arnsdorf.de\/wp-content\/uploads\/2015\/11\/fahrstrombereiche_schattenbahnhof-300x160.jpg 300w\" sizes=\"auto, (max-width: 500px) 100vw, 500px\" \/><img loading=\"lazy\" decoding=\"async\" width=\"1024\" height=\"584\" src=\"https:\/\/www.mec-arnsdorf.de\/wp-content\/uploads\/2015\/11\/stelltisch_bf_stolpen-1024x584.jpg\" class=\"slider-188 slide-57 msDefaultImage\" alt=\"\" data-caption=\"\" data-thumb=\"\" title=\"\" rel=\"\" srcset=\"https:\/\/www.mec-arnsdorf.de\/wp-content\/uploads\/2015\/11\/stelltisch_bf_stolpen-1024x584.jpg 1024w, https:\/\/www.mec-arnsdorf.de\/wp-content\/uploads\/2015\/11\/stelltisch_bf_stolpen-1024x584-300x171.jpg 300w\" sizes=\"auto, (max-width: 1024px) 100vw, 1024px\" \/><\/div><\/div>\n        \n    <\/div>\n<\/div>In diesem Bereich werden unsere beiden Anlagen vorgestellt &#8211; die &#8222;alte&#8220; analoge Anlage und die neue Digitalanlange. \u00dcber das Navigationsmen\u00fc k\u00f6nnen die Informationen beider Anlagen abgerufen werden.<\/p>\n<p>Analoge Anlage = &#8222;alte&#8220; Anlage. Nach 25 Jahren Aufbau, Betrieb und Anlagenleben musste diese leider abgerissen werden.<br \/>\n<a href=\"https:\/\/www.mec-arnsdorf.de\/index.php\/anlagen\/analoge-anlage-einfuehrung\/\">Link zu den Infos<\/a>.<\/p>\n<p>Digitale Anlage = neue Anlage. Mit dem Neubeginn des Anlagenbaus nach dem Abriss der analogen Anlage ist diese nun als Digitalanlage ausgef\u00fchrt. Zum Einsatz kommt das Selectrix-System, dem wir auch hier im Rahmen unserer Homepage besondere Aufmerksamkeit widmen.<br \/>\nDie Informationen zur neuen Digitalanlage werden in Zukunft hier aufgebaut, Informationen zu Selectrix finden sich hier: <a href=\"https:\/\/www.mec-arnsdorf.de\/index.php\/selectrix\/\">Link<\/a>.<\/p>\n","protected":false},"excerpt":{"rendered":"<p>In diesem Bereich werden unsere beiden Anlagen vorgestellt &#8211; die &#8222;alte&#8220; analoge Anlage und die neue Digitalanlange. \u00dcber das Navigationsmen\u00fc k\u00f6nnen die Informationen beider Anlagen abgerufen werden. Analoge Anlage = &#8222;alte&#8220; Anlage. Nach 25 Jahren Aufbau, Betrieb und Anlagenleben musste &hellip; <a href=\"https:\/\/www.mec-arnsdorf.de\/index.php\/anlagen\/\">Weiter<\/a><\/p>\n","protected":false},"author":1,"featured_media":0,"parent":0,"menu_order":0,"comment_status":"closed","ping_status":"closed","template":"page-fullwidth.php","meta":{"footnotes":""},"class_list":["post-38","page","type-page","status-publish","hentry"],"_links":{"self":[{"href":"https:\/\/www.mec-arnsdorf.de\/index.php\/wp-json\/wp\/v2\/pages\/38","targetHints":{"allow":["GET"]}}],"collection":[{"href":"https:\/\/www.mec-arnsdorf.de\/index.php\/wp-json\/wp\/v2\/pages"}],"about":[{"href":"https:\/\/www.mec-arnsdorf.de\/index.php\/wp-json\/wp\/v2\/types\/page"}],"author":[{"embeddable":true,"href":"https:\/\/www.mec-arnsdorf.de\/index.php\/wp-json\/wp\/v2\/users\/1"}],"replies":[{"embeddable":true,"href":"https:\/\/www.mec-arnsdorf.de\/index.php\/wp-json\/wp\/v2\/comments?post=38"}],"version-history":[{"count":6,"href":"https:\/\/www.mec-arnsdorf.de\/index.php\/wp-json\/wp\/v2\/pages\/38\/revisions"}],"predecessor-version":[{"id":200,"href":"https:\/\/www.mec-arnsdorf.de\/index.php\/wp-json\/wp\/v2\/pages\/38\/revisions\/200"}],"wp:attachment":[{"href":"https:\/\/www.mec-arnsdorf.de\/index.php\/wp-json\/wp\/v2\/media?parent=38"}],"curies":[{"name":"wp","href":"https:\/\/api.w.org\/{rel}","templated":true}]}}