{"id":391,"date":"2017-05-22T10:29:23","date_gmt":"2017-05-22T08:29:23","guid":{"rendered":"http:\/\/www.mec-arnsdorf.de\/?page_id=391"},"modified":"2017-05-22T11:43:43","modified_gmt":"2017-05-22T09:43:43","slug":"fahrstromverbrauch","status":"publish","type":"page","link":"https:\/\/www.mec-arnsdorf.de\/index.php\/selectrix\/sx-anwenderwissen\/fahrstromverbrauch\/","title":{"rendered":"Fahrstromverbrauch"},"content":{"rendered":"<h2>Stromaufnahme von Triebfahrzeugen und Wagen<\/h2>\n<p>Viele Modellbahner haben bei der Dimensionierung der Fahrstromversorgung Probleme mit der Berechnung des Stromverbrauches der eingesetzten Fahrzeuge und der darin enthaltenen oder selbst eingebauten Verbraucher. Zur Berechnung der Boosterbereiche ist es notwendig zu wissen, was an Fahrstrom zusammen kommen kann. Da die Modellbahnproduzenten verschiedene Beleuchtungsmittel und unterschiedliche Motore einsetzen, sollte man nachschauen, welche Ausstattung das eigene rollende Material besitzt. Gro\u00dfe Unterschiede gibt es auch in der Stromaufnahme von Motoren der verschiedenen Nenngr\u00f6\u00dfen. Mit nachfolgender \u00dcbersicht k\u00f6nnen die Werte in etwa ermittelt werden! Damit ist der Weg zur Boosterberechnung frei. Modellbahner, die sich mit elektrischen Bauteilen nicht so auskennen (z.B. Bestimmung ob normale LED oder Low Current LED) sollten immer annehmen, dass eine normale LED mit dem etwas h\u00f6heren Stromverbrauch eingebaut ist.<\/p>\n\n<table id=\"tablepress-10\" class=\"tablepress tablepress-id-10\">\n<thead>\n<tr class=\"row-1\">\n\t<th class=\"column-1\">Konfiguration<\/th><th class=\"column-2\">Verbrauch<\/th>\n<\/tr>\n<\/thead>\n<tbody class=\"row-striping row-hover\">\n<tr class=\"row-2\">\n\t<td class=\"column-1\">ohne Licht (nur Decoderstrom)<\/td><td class=\"column-2\">10mA<\/td>\n<\/tr>\n<tr class=\"row-3\">\n\t<td class=\"column-1\">Licht an (1x Gl\u00fchbirne)<\/td><td class=\"column-2\">50mA<\/td>\n<\/tr>\n<tr class=\"row-4\">\n\t<td class=\"column-1\">Licht an (2x Gl\u00fchbirne)<\/td><td class=\"column-2\">100mA<\/td>\n<\/tr>\n<tr class=\"row-5\">\n\t<td class=\"column-1\">Licht an (1x LED)<\/td><td class=\"column-2\">15mA<\/td>\n<\/tr>\n<tr class=\"row-6\">\n\t<td class=\"column-1\">Licht an (bis zu 4 LED in Reihe)<\/td><td class=\"column-2\">15mA<\/td>\n<\/tr>\n<\/tbody>\n<\/table>\n<!-- #tablepress-10 from cache -->\n<p>Motorstrom bei gleichm\u00e4\u00dfiger Fahrt und normaler Zugl\u00e4nge (normale Fahrt, erster Wert), bei m\u00e4\u00dfiger Beschleunigung (Wert 3 in der Programmierung) und normaler Zugl\u00e4nge (m\u00e4\u00dfige Beschleunigung, zweiter Wert) und bei hoher Beschleunigung (Wert 1 in der Programmierung) von langen, schweren lokbespannten Z\u00fcgen (hohe Beschleunigung, dritter Wert). Triebz\u00fcge und Rangierloks erreichen diese h\u00f6heren Werte nicht.<\/p>\n\n<table id=\"tablepress-11\" class=\"tablepress tablepress-id-11 tbody-has-connected-cells\">\n<thead>\n<tr class=\"row-1\">\n\t<td class=\"column-1\"><\/td><th class=\"column-2\">Hersteller<\/th><th class=\"column-3\">normale Fahrt<\/th><th class=\"column-4\">m\u00e4\u00dfige Beschleunigung<\/th><th class=\"column-5\">hohe Beschleunigung<\/th>\n<\/tr>\n<\/thead>\n<tbody class=\"row-striping row-hover\">\n<tr class=\"row-2\">\n\t<td rowspan=\"7\" class=\"column-1\">H0<\/td><td class=\"column-2\">Fleischmann<\/td><td class=\"column-3\">240mA<\/td><td class=\"column-4\">410mA<\/td><td class=\"column-5\">700mA<\/td>\n<\/tr>\n<tr class=\"row-3\">\n\t<td class=\"column-2\">G\u00fctzold<\/td><td class=\"column-3\">340mA<\/td><td class=\"column-4\">550mA<\/td><td class=\"column-5\">1200mA<\/td>\n<\/tr>\n<tr class=\"row-4\">\n\t<td class=\"column-2\">Kato<\/td><td class=\"column-3\">320mA<\/td><td class=\"column-4\">470mA<\/td><td class=\"column-5\">800mA<\/td>\n<\/tr>\n<tr class=\"row-5\">\n\t<td class=\"column-2\">Mehano<\/td><td class=\"column-3\">320mA<\/td><td class=\"column-4\">490mA<\/td><td class=\"column-5\">1000mA<\/td>\n<\/tr>\n<tr class=\"row-6\">\n\t<td class=\"column-2\">Piko<\/td><td class=\"column-3\">340mA<\/td><td class=\"column-4\">550mA<\/td><td class=\"column-5\">1200mA<\/td>\n<\/tr>\n<tr class=\"row-7\">\n\t<td class=\"column-2\">Roco<\/td><td class=\"column-3\">340mA<\/td><td class=\"column-4\">550mA<\/td><td class=\"column-5\">1200mA<\/td>\n<\/tr>\n<tr class=\"row-8\">\n\t<td class=\"column-2\">Trix<\/td><td class=\"column-3\">340mA<\/td><td class=\"column-4\">520mA<\/td><td class=\"column-5\">1000mA<\/td>\n<\/tr>\n<tr class=\"row-9\">\n\t<td rowspan=\"4\" class=\"column-1\">TT<\/td><td class=\"column-2\">BTTB<\/td><td class=\"column-3\">200mA<\/td><td class=\"column-4\">360mA<\/td><td class=\"column-5\">800mA<\/td>\n<\/tr>\n<tr class=\"row-10\">\n\t<td class=\"column-2\">Jatt<\/td><td class=\"column-3\">200mA<\/td><td class=\"column-4\">340mA<\/td><td class=\"column-5\">600mA<\/td>\n<\/tr>\n<tr class=\"row-11\">\n\t<td class=\"column-2\">Tillig<\/td><td class=\"column-3\">180mA<\/td><td class=\"column-4\">320mA<\/td><td class=\"column-5\">600mA<\/td>\n<\/tr>\n<tr class=\"row-12\">\n\t<td class=\"column-2\">Roco<\/td><td class=\"column-3\">200mA<\/td><td class=\"column-4\">340mA<\/td><td class=\"column-5\">600mA<\/td>\n<\/tr>\n<tr class=\"row-13\">\n\t<td rowspan=\"4\" class=\"column-1\">N<\/td><td class=\"column-2\">Fleischmann<\/td><td class=\"column-3\">150mA<\/td><td class=\"column-4\">260mA<\/td><td class=\"column-5\">400mA<\/td>\n<\/tr>\n<tr class=\"row-14\">\n\t<td class=\"column-2\">Piko<\/td><td class=\"column-3\">180mA<\/td><td class=\"column-4\">300mA<\/td><td class=\"column-5\">450mA<\/td>\n<\/tr>\n<tr class=\"row-15\">\n\t<td class=\"column-2\">Roco<\/td><td class=\"column-3\">150mA<\/td><td class=\"column-4\">280mA<\/td><td class=\"column-5\">450mA<\/td>\n<\/tr>\n<tr class=\"row-16\">\n\t<td class=\"column-2\">Trix<\/td><td class=\"column-3\">150mA<\/td><td class=\"column-4\">250mA<\/td><td class=\"column-5\">400mA<\/td>\n<\/tr>\n<tr class=\"row-17\">\n\t<td class=\"column-1\">Z<\/td><td colspan=\"4\" class=\"column-2\">Da kein Clubmitglied diese Spurweite besitzt, waren objektive Werte zur Strombestimmung nicht m\u00f6glich. Laut Angaben der Hersteller sollen die Stromwerte unter 300mA liegen.<\/td>\n<\/tr>\n<\/tbody>\n<\/table>\n<!-- #tablepress-11 from cache -->\n\n<table id=\"tablepress-12\" class=\"tablepress tablepress-id-12 tbody-has-connected-cells\">\n<thead>\n<tr class=\"row-1\">\n\t<th class=\"column-1\">Wagen-\/Meldeart<\/th><th class=\"column-2\">Konfiguration<\/th><th class=\"column-3\">Verbrauch<\/th>\n<\/tr>\n<\/thead>\n<tbody class=\"row-striping row-hover\">\n<tr class=\"row-2\">\n\t<td rowspan=\"4\" class=\"column-1\">Personenwagen<\/td><td class=\"column-2\">Innenbeleuchtung 2x Gl\u00fchbirne<\/td><td class=\"column-3\">100mA<\/td>\n<\/tr>\n<tr class=\"row-3\">\n\t<td class=\"column-2\">Innenbeleuchtung SMD-LED Leuchtband <\/td><td class=\"column-3\">45mA<\/td>\n<\/tr>\n<tr class=\"row-4\">\n\t<td class=\"column-2\">Zugschluss (2 LED in Reihe)<\/td><td class=\"column-3\">15mA<\/td>\n<\/tr>\n<tr class=\"row-5\">\n\t<td class=\"column-2\">Zugschluss Low-Current LED (2 LED in Reihe)<\/td><td class=\"column-3\">2mA<\/td>\n<\/tr>\n<tr class=\"row-6\">\n\t<td rowspan=\"4\" class=\"column-1\">Achswiderst\u00e4nde Wagen (zur Belegtmeldung)<\/td><td class=\"column-2\">je bearbeitete Achse mit Widerstand 9k\u03a9<\/td><td class=\"column-3\">2mA<\/td>\n<\/tr>\n<tr class=\"row-7\">\n\t<td class=\"column-2\">je bearbeitete Achse mit Widerstand 18k\u03a9<\/td><td class=\"column-3\">1mA<\/td>\n<\/tr>\n<tr class=\"row-8\">\n\t<td class=\"column-2\">je bearbeitete Achse mit Widerstand 36k\u03a9<\/td><td class=\"column-3\">0,5mA<\/td>\n<\/tr>\n<tr class=\"row-9\">\n\t<td class=\"column-2\">je bearbeitete Achse mit Widerstand 72k\u03a9<\/td><td class=\"column-3\">0,25mA<\/td>\n<\/tr>\n<\/tbody>\n<\/table>\n<!-- #tablepress-12 from cache -->\n<p>Aus der \u00dcbersicht Tabellen 1 + 2 + 3 kann man sich f\u00fcr jede Zuggarnitur die Verbrauchsdaten selbst errechnen. F\u00fcr die nachfolgenden vier Rechenbeispiele in Tabelle 4 wurde der Stromverbrauch eines anfahrenden Zuges in H0 bei m\u00e4\u00dfiger Beschleunigung (SX Decoderwert 3) zugrunde gelegt! Tfz = Triebfahrzeug, GW = G\u00fcterwagen, PW = Personenwagen<\/p>\n\n<table id=\"tablepress-13\" class=\"tablepress tablepress-id-13 tbody-has-connected-cells\">\n<thead>\n<tr class=\"row-1\">\n\t<th class=\"column-1\">Zug<\/th><th class=\"column-2\">Konfiguration<\/th><th class=\"column-3\">Verbrauch<\/th>\n<\/tr>\n<\/thead>\n<tbody class=\"row-striping row-hover\">\n<tr class=\"row-2\">\n\t<td rowspan=\"5\" class=\"column-1\">Zug 1<\/td><td class=\"column-2\">Tfz mit 1x Gl\u00fchbirne <\/td><td class=\"column-3\">50mA<\/td>\n<\/tr>\n<tr class=\"row-3\">\n\t<td class=\"column-2\">Motorstrom beim Anfahren<\/td><td class=\"column-3\">410mA<\/td>\n<\/tr>\n<tr class=\"row-4\">\n\t<td class=\"column-2\">3x PW mit je 2 Achswiderst\u00e4nden 18k\u03a9 6x 1mA<\/td><td class=\"column-3\">6mA<\/td>\n<\/tr>\n<tr class=\"row-5\">\n\t<td class=\"column-2\">1x PW mit Zugschluss (LED) und ohne Achswiderst\u00e4nde<\/td><td class=\"column-3\">15mA<\/td>\n<\/tr>\n<tr class=\"row-6\">\n\t<td class=\"column-2\">Summe:<\/td><td class=\"column-3\">481mA<\/td>\n<\/tr>\n<tr class=\"row-7\">\n\t<td rowspan=\"5\" class=\"column-1\">Zug 2<\/td><td class=\"column-2\">Tfz mit 2x Gl\u00fchbirnen<\/td><td class=\"column-3\">100mA<\/td>\n<\/tr>\n<tr class=\"row-8\">\n\t<td class=\"column-2\">Motorstrom beim Anfahren<\/td><td class=\"column-3\">470mA<\/td>\n<\/tr>\n<tr class=\"row-9\">\n\t<td class=\"column-2\">7x PW mit je 2 Gl\u00fchbirnen 7x 100mA<\/td><td class=\"column-3\">700mA<\/td>\n<\/tr>\n<tr class=\"row-10\">\n\t<td class=\"column-2\">1x PW mit Zugschluss (LED) + 2 Gl\u00fchbirnen f\u00fcr Beleuchtung<\/td><td class=\"column-3\">115mA<\/td>\n<\/tr>\n<tr class=\"row-11\">\n\t<td class=\"column-2\">Summe:<\/td><td class=\"column-3\">1385mA<\/td>\n<\/tr>\n<tr class=\"row-12\">\n\t<td rowspan=\"4\" class=\"column-1\">Zug 3<\/td><td class=\"column-2\">Tfz mit 2x Gl\u00fchbirnen<\/td><td class=\"column-3\">100mA<\/td>\n<\/tr>\n<tr class=\"row-13\">\n\t<td class=\"column-2\">Tfz Motorstrom beim Anfahren<\/td><td class=\"column-3\">550mA<\/td>\n<\/tr>\n<tr class=\"row-14\">\n\t<td class=\"column-2\">20 GW mit je 2 Achswiderst\u00e4nden 18k\u03a9 40x 1mA<\/td><td class=\"column-3\">40mA<\/td>\n<\/tr>\n<tr class=\"row-15\">\n\t<td class=\"column-2\">Summe:<\/td><td class=\"column-3\">690mA<\/td>\n<\/tr>\n<tr class=\"row-16\">\n\t<td rowspan=\"4\" class=\"column-1\">Zug 4<\/td><td class=\"column-2\">Tfz mit Decoder und 2x LED<\/td><td class=\"column-3\">15mA<\/td>\n<\/tr>\n<tr class=\"row-17\">\n\t<td class=\"column-2\">Tfz Motorstrom beim Anfahren<\/td><td class=\"column-3\">490mA<\/td>\n<\/tr>\n<tr class=\"row-18\">\n\t<td class=\"column-2\">12 GW mit je 2 Achswiderst\u00e4nden 18k\u03a9 24x 1mA<\/td><td class=\"column-3\">24mA<\/td>\n<\/tr>\n<tr class=\"row-19\">\n\t<td class=\"column-2\">Summe:<\/td><td class=\"column-3\">529mA<\/td>\n<\/tr>\n<\/tbody>\n<\/table>\n<!-- #tablepress-13 from cache -->\n<p>Grundlage f\u00fcr die Berechnung des Stromverbrauchs in Schattenbahnh\u00f6fen sollte die max. Gleisbelegung plus einen fahrenden Zug sein!<\/p>\n<p>Berechnungsbeispiel in H0 f\u00fcr Schattenbahnhof mit 6 Gleisen<\/p>\n\n<table id=\"tablepress-14\" class=\"tablepress tablepress-id-14 tbody-has-connected-cells\">\n<thead>\n<tr class=\"row-1\">\n\t<th class=\"column-1\">Gleis<\/th><th class=\"column-2\">Konfiguration<\/th><th class=\"column-3\">Verbrauch<\/th>\n<\/tr>\n<\/thead>\n<tbody class=\"row-striping row-hover\">\n<tr class=\"row-2\">\n\t<td class=\"column-1\">Gl.1<\/td><td class=\"column-2\">G\u00fcterzug 15 Wagen mit je 2x Achsw. 18k\u03a9, Tfz mit 2x LED<\/td><td class=\"column-3\">55mA<\/td>\n<\/tr>\n<tr class=\"row-3\">\n\t<td class=\"column-1\">Gl.2<\/td><td class=\"column-2\">G\u00fcterzug 10 Wagen mit je 2x Achsw. 18k\u03a9, Tfz mit 2x LED<\/td><td class=\"column-3\">45mA<\/td>\n<\/tr>\n<tr class=\"row-4\">\n\t<td class=\"column-1\">Gl.3<\/td><td class=\"column-2\">G\u00fcterzug 12 Wagen mit je 2x Achsw. 18k\u03a9, Tfz mit 1x Gl\u00fchbirne<\/td><td class=\"column-3\">85mA<\/td>\n<\/tr>\n<tr class=\"row-5\">\n\t<td class=\"column-1\">Gl.4<\/td><td class=\"column-2\">Reisezug 5 Wagen mit LED Licht und Zugschluss, Tfz mit 2x2 LED<\/td><td class=\"column-3\">295mA<\/td>\n<\/tr>\n<tr class=\"row-6\">\n\t<td class=\"column-1\">Gl.5<\/td><td class=\"column-2\">Reisezug 6 Wagen mit je 2x Gl\u00fchb. und Zugschluss, Tfz mit 1x Gl\u00fchb.<\/td><td class=\"column-3\">675mA<\/td>\n<\/tr>\n<tr class=\"row-7\">\n\t<td class=\"column-1\">Gl.6<\/td><td class=\"column-2\">wird z.B. durch obigen Zug 2 in Tabelle 4 gerade frei (beschleunigt)<\/td><td class=\"column-3\">1385mA<\/td>\n<\/tr>\n<tr class=\"row-8\">\n\t<td colspan=\"2\" class=\"column-1\">Summe: <\/td><td class=\"column-3\">2540mA<\/td>\n<\/tr>\n<tr class=\"row-9\">\n\t<td colspan=\"2\" class=\"column-1\">Summe ohne Gleis 6: <\/td><td class=\"column-3\">1155mA<\/td>\n<\/tr>\n<\/tbody>\n<\/table>\n<!-- #tablepress-14 from cache -->\n<p>Diese ca. 2,6A sind als momentane Last f\u00fcr dieses Beispiel vorhanden. Ein Booster von 3A langt f\u00fcr die Versorgung aus. Stehen nur die Z\u00fcge in Gl.1 bis Gl.5 so ergibt sich eine m\u00f6gliche Dauerlast von 1155mA. Andere Zuggarnituren ergeben andere Werte. Immer vom ung\u00fcnstigsten Fall ausgehen. Bei der Berechnung Schattenbahnhof ist klar zu erkennen, dass das Beleuchtungselement Gl\u00fchbirne ein klarer \u201eStromfresser\u201c ist! LED Beleuchtung sollte schrittweise in Wagen und Tfz eingebaut werden. Noch einen Tipp f\u00fcr den Boostereinsatz. Wir haben bei uns die Fahrstrombereiche so aufgeteilt, dass nach M\u00f6glichkeit immer eine Reserve von etwa 20% der Gesamtleistung eines Boosters bei kleinen Modellbahnanlagen und etwa 25% bei unseren gro\u00dfen Anlagen vorhanden ist. Es schont die Bauteile. Erweiterungen sind im begrenzten Ma\u00dfe dann trotzdem noch m\u00f6glich!<\/p>\n<p>&nbsp;<\/p>\n","protected":false},"excerpt":{"rendered":"<p>Stromaufnahme von Triebfahrzeugen und Wagen Viele Modellbahner haben bei der Dimensionierung der Fahrstromversorgung Probleme mit der Berechnung des Stromverbrauches der eingesetzten Fahrzeuge und der darin enthaltenen oder selbst eingebauten Verbraucher. Zur Berechnung der Boosterbereiche ist es notwendig zu wissen, was &hellip; <a href=\"https:\/\/www.mec-arnsdorf.de\/index.php\/selectrix\/sx-anwenderwissen\/fahrstromverbrauch\/\">Weiter<\/a><\/p>\n","protected":false},"author":1,"featured_media":0,"parent":317,"menu_order":9,"comment_status":"open","ping_status":"closed","template":"page-fullwidth.php","meta":{"footnotes":""},"class_list":["post-391","page","type-page","status-publish","hentry"],"_links":{"self":[{"href":"https:\/\/www.mec-arnsdorf.de\/index.php\/wp-json\/wp\/v2\/pages\/391","targetHints":{"allow":["GET"]}}],"collection":[{"href":"https:\/\/www.mec-arnsdorf.de\/index.php\/wp-json\/wp\/v2\/pages"}],"about":[{"href":"https:\/\/www.mec-arnsdorf.de\/index.php\/wp-json\/wp\/v2\/types\/page"}],"author":[{"embeddable":true,"href":"https:\/\/www.mec-arnsdorf.de\/index.php\/wp-json\/wp\/v2\/users\/1"}],"replies":[{"embeddable":true,"href":"https:\/\/www.mec-arnsdorf.de\/index.php\/wp-json\/wp\/v2\/comments?post=391"}],"version-history":[{"count":3,"href":"https:\/\/www.mec-arnsdorf.de\/index.php\/wp-json\/wp\/v2\/pages\/391\/revisions"}],"predecessor-version":[{"id":404,"href":"https:\/\/www.mec-arnsdorf.de\/index.php\/wp-json\/wp\/v2\/pages\/391\/revisions\/404"}],"up":[{"embeddable":true,"href":"https:\/\/www.mec-arnsdorf.de\/index.php\/wp-json\/wp\/v2\/pages\/317"}],"wp:attachment":[{"href":"https:\/\/www.mec-arnsdorf.de\/index.php\/wp-json\/wp\/v2\/media?parent=391"}],"curies":[{"name":"wp","href":"https:\/\/api.w.org\/{rel}","templated":true}]}}